{"id":95,"date":"2023-11-30T13:58:33","date_gmt":"2023-11-30T13:58:33","guid":{"rendered":"https:\/\/klovborg.mit-hosting01.dk\/?page_id=95"},"modified":"2023-12-01T09:19:38","modified_gmt":"2023-12-01T09:19:38","slug":"malkning","status":"publish","type":"page","link":"https:\/\/klovborg.mit-hosting01.dk\/index.php\/malkning\/","title":{"rendered":"Malkning"},"content":{"rendered":"<div data-colibri-id=\"95-c1\" class=\"style-471 style-local-95-c1 position-relative\">\n  <!---->\n  <div data-colibri-component=\"section\" data-colibri-id=\"95-c2\" id=\"custom\" class=\"h-section h-section-global-spacing d-flex align-items-lg-center align-items-md-center align-items-center style-472 style-local-95-c2 position-relative\">\n    <!---->\n    <!---->\n    <div class=\"h-section-grid-container h-section-boxed-container\">\n      <!---->\n      <div data-colibri-id=\"95-c3\" class=\"h-row-container gutters-row-lg-2 gutters-row-md-2 gutters-row-0 gutters-row-v-lg-2 gutters-row-v-md-2 gutters-row-v-2 style-473 style-local-95-c3 position-relative\">\n        <!---->\n        <div class=\"h-row justify-content-lg-center justify-content-md-center justify-content-center align-items-lg-stretch align-items-md-stretch align-items-stretch gutters-col-lg-2 gutters-col-md-2 gutters-col-0 gutters-col-v-lg-2 gutters-col-v-md-2 gutters-col-v-2\">\n          <!---->\n          <div class=\"h-column h-column-container d-flex h-col-lg-auto h-col-md-auto h-col-auto style-474-outer style-local-95-c4-outer\">\n            <div data-colibri-id=\"95-c4\" class=\"d-flex h-flex-basis h-column__inner h-px-lg-2 h-px-md-2 h-px-2 v-inner-lg-2 v-inner-md-2 v-inner-2 style-474 style-local-95-c4 position-relative\">\n              <!---->\n              <!---->\n              <div class=\"w-100 h-y-container h-column__content h-column__v-align flex-basis-100 align-self-lg-start align-self-md-start align-self-start\">\n                <!---->\n                <div data-colibri-id=\"95-c5\" class=\"page-title style-475 style-local-95-c5 position-relative h-element\">\n                  <!---->\n                  <div class=\"h-page-title__outer style-475-outer style-local-95-c5-outer\">\n                    <div class=\"h-global-transition-all\"><span><h1 style='margin-bottom:0'>Malkning<\/h1><\/span><\/div>\n                  <\/div>\n                <\/div>\n                <div data-colibri-id=\"95-c6\" class=\"h-text h-text-component style-476 style-local-95-c6 position-relative h-element\">\n                  <!---->\n                  <!---->\n                  <div class=\"\">\n                    <p>Vi malker vores k\u00f8er p\u00e5 2&nbsp;forskellige adresser. Det&nbsp;forg\u00e5r&nbsp;i en malkestald, p\u00e5 Klovborg er det en 2*32 og p\u00e5 Lykkeg\u00e5rd er det en 2*12.<\/p>\n                    <p>P\u00e5 Lykkeg\u00e5rd er der en malkestald til 12 k\u00f8er i hver side, og med en person der malker. Her kan vi malke mellem 60 og 70 k\u00f8er i timen.<\/p>\n                    <p>P\u00e5 Klovborg er der en malkestald med plads til 32 i hver side, og med 2 personer der malker. Her kan vi malke 150 k\u00f8er i timen.<\/p>\n                    <p>Vi malker beggge steder 2 gange i d\u00f8gnet nemlig kl.7.00 og kl.19.00. Hver malkning tager ca.4 timer<\/p>\n                    <p>Malkning best\u00e5r af en forberedelse, en malkning og senere en efterbehandling.<\/p>\n                    <p>Allerede n\u00e5r k\u00f8erne g\u00e5r ind i malkestalden, stimuleres&nbsp;koen med at l\u00e6gge m\u00e6lken ned. Det sker ved at hun kender rutinen med, hvad der skal ske fra tidligere malkninger. Vi g\u00f8r f\u00f8rst patterne rene ved at skumme dem med en s\u00e6beblandning,\n                      derefter aft\u00f8rres de. Tilsidst slutter man af med en formalkning af de enkelte patter for at kontrollere at m\u00e6lken er i orden.<\/p>\n                    <p>Herefter s\u00e6ttes malkes\u00e6ttet p\u00e5 patterne og koen vil i l\u00f8bet af de n\u00e6ste 5 minutter komme med ca.11 til 14 liter m\u00e6lk. Malkes\u00e6ttet fjernes automatisk n\u00e5r der kommer mindre end 0,5liter m\u00e6lk i minuttet. Vi tjekker nu at malkningen er\n                      f\u00e6rdig, samtidig med at vi sprayer med en bl\u00f8dg\u00f8rende og jodholdig v\u00e6ske. Koen er nu f\u00e6rdig og vi skifter holdet og g\u00f8r klar til n\u00e6ste hold. Malkningen varer omkring 4 til 6 timer med opstart og reng\u00f8ring. Et malkeanl\u00e6g vaskes ligesom\n                      hvis det var en vaskemaskine med forskyld, varm kogevask, afsluttende desinfektion og afskylning.<\/p>\n                    <p>Det er vigtigt at malkningen g\u00e5r hurtigt og roligt, s\u00e5 koen kommer til at vente mindst muligt ved opsamlingspladsen og f\u00e5r en god oplevelse ved at blive malket. Desto mere tid koen har i stalden til, at hvile sig eller \u00e6de, g\u00f8r&nbsp;at\n                      hun kan producere det optimale samtidig med at hun kan leve et sundt og afstressset liv.<\/p>\n                    <p>\n                      <br>\n                    <\/p>\n                  <\/div>\n                <\/div>\n              <\/div>\n            <\/div>\n          <\/div>\n        <\/div>\n      <\/div>\n    <\/div>\n  <\/div>\n<\/div>","protected":false},"excerpt":{"rendered":"<p>Vi malker vores k\u00f8er p\u00e5 2&nbsp;forskellige adresser. Det&nbsp;forg\u00e5r&nbsp;i en malkestald, p\u00e5 Klovborg er det en 2*32 og p\u00e5 Lykkeg\u00e5rd er det en 2*12. P\u00e5 Lykkeg\u00e5rd er der en malkestald til 12 k\u00f8er i hver side, og med en person der malker. Her kan vi malke mellem 60 og 70 k\u00f8er i timen. P\u00e5 Klovborg er [&hellip;]<\/p>\n","protected":false},"author":1,"featured_media":0,"parent":0,"menu_order":0,"comment_status":"closed","ping_status":"closed","template":"page-templates\/full-width-page.php","meta":{"footnotes":""},"_links":{"self":[{"href":"https:\/\/klovborg.mit-hosting01.dk\/index.php\/wp-json\/wp\/v2\/pages\/95"}],"collection":[{"href":"https:\/\/klovborg.mit-hosting01.dk\/index.php\/wp-json\/wp\/v2\/pages"}],"about":[{"href":"https:\/\/klovborg.mit-hosting01.dk\/index.php\/wp-json\/wp\/v2\/types\/page"}],"author":[{"embeddable":true,"href":"https:\/\/klovborg.mit-hosting01.dk\/index.php\/wp-json\/wp\/v2\/users\/1"}],"replies":[{"embeddable":true,"href":"https:\/\/klovborg.mit-hosting01.dk\/index.php\/wp-json\/wp\/v2\/comments?post=95"}],"version-history":[{"count":4,"href":"https:\/\/klovborg.mit-hosting01.dk\/index.php\/wp-json\/wp\/v2\/pages\/95\/revisions"}],"predecessor-version":[{"id":599,"href":"https:\/\/klovborg.mit-hosting01.dk\/index.php\/wp-json\/wp\/v2\/pages\/95\/revisions\/599"}],"wp:attachment":[{"href":"https:\/\/klovborg.mit-hosting01.dk\/index.php\/wp-json\/wp\/v2\/media?parent=95"}],"curies":[{"name":"wp","href":"https:\/\/api.w.org\/{rel}","templated":true}]}}