{"id":93,"date":"2023-11-30T13:58:20","date_gmt":"2023-11-30T13:58:20","guid":{"rendered":"https:\/\/klovborg.mit-hosting01.dk\/?page_id=93"},"modified":"2023-12-01T09:14:32","modified_gmt":"2023-12-01T09:14:32","slug":"kom-ind-i-stalden","status":"publish","type":"page","link":"https:\/\/klovborg.mit-hosting01.dk\/index.php\/kom-ind-i-stalden\/","title":{"rendered":"Kom ind i stalden"},"content":{"rendered":"<div data-colibri-id=\"93-c1\" class=\"style-516 style-local-93-c1 position-relative\">\n  <!---->\n  <div data-colibri-component=\"section\" data-colibri-id=\"93-c2\" id=\"custom\" class=\"h-section h-section-global-spacing d-flex align-items-lg-center align-items-md-center align-items-center style-517 style-local-93-c2 position-relative\">\n    <!---->\n    <!---->\n    <div class=\"h-section-grid-container h-section-boxed-container\">\n      <!---->\n      <div data-colibri-id=\"93-c3\" class=\"h-row-container gutters-row-lg-2 gutters-row-md-2 gutters-row-0 gutters-row-v-lg-2 gutters-row-v-md-2 gutters-row-v-2 style-518 style-local-93-c3 position-relative\">\n        <!---->\n        <div class=\"h-row justify-content-lg-center justify-content-md-center justify-content-center align-items-lg-stretch align-items-md-stretch align-items-stretch gutters-col-lg-2 gutters-col-md-2 gutters-col-0 gutters-col-v-lg-2 gutters-col-v-md-2 gutters-col-v-2\">\n          <!---->\n          <div class=\"h-column h-column-container d-flex h-col-lg-auto h-col-md-auto h-col-auto style-519-outer style-local-93-c4-outer\">\n            <div data-colibri-id=\"93-c4\" class=\"d-flex h-flex-basis h-column__inner h-px-lg-2 h-px-md-2 h-px-2 v-inner-lg-2 v-inner-md-2 v-inner-2 style-519 style-local-93-c4 position-relative\">\n              <!---->\n              <!---->\n              <div class=\"w-100 h-y-container h-column__content h-column__v-align flex-basis-100 align-self-lg-start align-self-md-start align-self-start\">\n                <!---->\n                <div data-colibri-id=\"93-c5\" class=\"page-title style-520 style-local-93-c5 position-relative h-element\">\n                  <!---->\n                  <div class=\"h-page-title__outer style-520-outer style-local-93-c5-outer\">\n                    <div class=\"h-global-transition-all\"><span><h1 style='margin-bottom:0'>Kom ind i stalden<\/h1><\/span><\/div>\n                  <\/div>\n                <\/div>\n              <\/div>\n            <\/div>\n          <\/div>\n        <\/div>\n      <\/div>\n      <div data-colibri-id=\"93-c6\" class=\"h-row-container gutters-row-lg-2 gutters-row-md-2 gutters-row-0 gutters-row-v-lg-2 gutters-row-v-md-2 gutters-row-v-2 style-521 style-local-93-c6 position-relative\">\n        <!---->\n        <div class=\"h-row justify-content-lg-center justify-content-md-center justify-content-center align-items-lg-stretch align-items-md-stretch align-items-stretch gutters-col-lg-2 gutters-col-md-2 gutters-col-0 gutters-col-v-lg-2 gutters-col-v-md-2 gutters-col-v-2\">\n          <!---->\n          <div class=\"h-column h-column-container d-flex h-col-lg-auto h-col-md-auto h-col-auto style-522-outer style-local-93-c7-outer\">\n            <div data-colibri-id=\"93-c7\" class=\"d-flex h-flex-basis h-column__inner h-px-lg-2 h-px-md-2 h-px-2 v-inner-lg-2 v-inner-md-2 v-inner-2 style-522 style-local-93-c7 position-relative\">\n              <!---->\n              <!---->\n              <div class=\"w-100 h-y-container h-column__content h-column__v-align flex-basis-100 align-self-lg-start align-self-md-start align-self-start\">\n                <!---->\n                <div data-colibri-id=\"93-c8\" class=\"h-text h-text-component style-523 style-local-93-c8 position-relative h-element\">\n                  <!---->\n                  <!---->\n                  <div class=\"\">\n                    <p>Vores stalde er delt op i forskellige afsnit, alt efter hvilket stadie koen er p\u00e5. Man kan godt sammenligne det lidt med menneskets livscyklus &#8220;fra vugge til arbejdsplads&#8221; eller, som vi kalder det; &#8220;fra kalveboks&nbsp;til l\u00f8sdriftsstald&#8221;.\n                      Staldene er delt op i; Kalvebokse, f\u00e6lles&nbsp;bokse til kalve, sengeb\u00e5se til kvier,goldkostald med dybstr\u00f8elsesafdeling, samt sengestald til malkenede k\u00f8er.&nbsp;<\/p>\n                    <p>Goldstalden er det sted hvor &#8220;goldk\u00f8erne&#8221; g\u00e5r n\u00e5r de skal k\u00e6lve, her bliver de ogs\u00e5 ca. 1til 2&nbsp;dage efter de har k\u00e6lvet. Fra goldkostalden bliver kalven flyttet over i enkeltbokse&nbsp;(Vuggestuen), og koen bliver flyttet over\n                      i l\u00f8sdriftsstalden, hvor den s\u00e5 skal til at malkes igen. De sm\u00e5 kalve g\u00e5r i dybstr\u00f8else, og bliver fodret med m\u00e6lk, som de sutter eller drikker fra en sk\u00e5l. Senere kommer de i f\u00e6llesbokse med 6 i hver stadig med m\u00e6lke fodring men\n                      tr\u00e6nes op i at \u00e6de t\u00f8rfoder samt h\u00f8 s\u00e5 de kan blive dr\u00f8vtyggere. Efter 8 uger frav\u00e6nnes de m\u00e6lk og lever nu af t\u00f8rfoder(kraftfoder) h\u00f8g og opstartes til k\u00f8ernes fuldfoder. Fra 4 m\u00e5neder er de p\u00e5 fuldfoder samme slags som de malkende\n                      k\u00f8er \u00e6der. I l\u00f8sdriftsstalden g\u00e5r de mange k\u00f8er, og bliver 2 gange dagligt malket. Hver ko har en&nbsp;soveplads, og k\u00f8erne fodres et centralt sted midt eller i siden af stalden flere&nbsp;gange i d\u00f8gnet.<\/p>\n                    <p>\n                      <br>\n                    <\/p>\n                  <\/div>\n                <\/div>\n              <\/div>\n            <\/div>\n          <\/div>\n        <\/div>\n      <\/div>\n    <\/div>\n  <\/div>\n<\/div>","protected":false},"excerpt":{"rendered":"<p>Vores stalde er delt op i forskellige afsnit, alt efter hvilket stadie koen er p\u00e5. Man kan godt sammenligne det lidt med menneskets livscyklus &#8220;fra vugge til arbejdsplads&#8221; eller, som vi kalder det; &#8220;fra kalveboks&nbsp;til l\u00f8sdriftsstald&#8221;. Staldene er delt op i; Kalvebokse, f\u00e6lles&nbsp;bokse til kalve, sengeb\u00e5se til kvier,goldkostald med dybstr\u00f8elsesafdeling, samt sengestald til malkenede k\u00f8er.&nbsp; [&hellip;]<\/p>\n","protected":false},"author":1,"featured_media":0,"parent":0,"menu_order":0,"comment_status":"closed","ping_status":"closed","template":"page-templates\/full-width-page.php","meta":{"footnotes":""},"_links":{"self":[{"href":"https:\/\/klovborg.mit-hosting01.dk\/index.php\/wp-json\/wp\/v2\/pages\/93"}],"collection":[{"href":"https:\/\/klovborg.mit-hosting01.dk\/index.php\/wp-json\/wp\/v2\/pages"}],"about":[{"href":"https:\/\/klovborg.mit-hosting01.dk\/index.php\/wp-json\/wp\/v2\/types\/page"}],"author":[{"embeddable":true,"href":"https:\/\/klovborg.mit-hosting01.dk\/index.php\/wp-json\/wp\/v2\/users\/1"}],"replies":[{"embeddable":true,"href":"https:\/\/klovborg.mit-hosting01.dk\/index.php\/wp-json\/wp\/v2\/comments?post=93"}],"version-history":[{"count":3,"href":"https:\/\/klovborg.mit-hosting01.dk\/index.php\/wp-json\/wp\/v2\/pages\/93\/revisions"}],"predecessor-version":[{"id":564,"href":"https:\/\/klovborg.mit-hosting01.dk\/index.php\/wp-json\/wp\/v2\/pages\/93\/revisions\/564"}],"wp:attachment":[{"href":"https:\/\/klovborg.mit-hosting01.dk\/index.php\/wp-json\/wp\/v2\/media?parent=93"}],"curies":[{"name":"wp","href":"https:\/\/api.w.org\/{rel}","templated":true}]}}