{"id":376,"date":"2023-11-30T15:07:15","date_gmt":"2023-11-30T15:07:15","guid":{"rendered":"https:\/\/klovborg.mit-hosting01.dk\/index.php\/maskiner\/"},"modified":"2023-12-01T09:17:25","modified_gmt":"2023-12-01T09:17:25","slug":"maskiner","status":"publish","type":"page","link":"https:\/\/klovborg.mit-hosting01.dk\/index.php\/maskiner\/","title":{"rendered":"Maskiner"},"content":{"rendered":"<div data-colibri-id=\"376-c1\" class=\"style-540 style-local-376-c1 position-relative\">\n  <!---->\n  <div data-colibri-component=\"section\" data-colibri-id=\"376-c2\" id=\"custom\" class=\"h-section h-section-global-spacing d-flex align-items-lg-center align-items-md-center align-items-center style-541 style-local-376-c2 position-relative\">\n    <!---->\n    <!---->\n    <div class=\"h-section-grid-container h-section-boxed-container\">\n      <!---->\n      <div data-colibri-id=\"376-c3\" class=\"h-row-container gutters-row-lg-2 gutters-row-md-2 gutters-row-0 gutters-row-v-lg-2 gutters-row-v-md-2 gutters-row-v-2 style-545 style-local-376-c3 position-relative\">\n        <!---->\n        <div class=\"h-row justify-content-lg-center justify-content-md-center justify-content-center align-items-lg-stretch align-items-md-stretch align-items-stretch gutters-col-lg-2 gutters-col-md-2 gutters-col-0 gutters-col-v-lg-2 gutters-col-v-md-2 gutters-col-v-2\">\n          <!---->\n          <div class=\"h-column h-column-container d-flex h-col-lg-auto h-col-md-auto h-col-auto style-546-outer style-local-376-c4-outer\">\n            <div data-colibri-id=\"376-c4\" class=\"d-flex h-flex-basis h-column__inner h-px-lg-2 h-px-md-2 h-px-2 v-inner-lg-2 v-inner-md-2 v-inner-2 style-546 style-local-376-c4 position-relative\">\n              <!---->\n              <!---->\n              <div class=\"w-100 h-y-container h-column__content h-column__v-align flex-basis-100 align-self-lg-start align-self-md-start align-self-start\">\n                <!---->\n                <div data-colibri-id=\"376-c5\" class=\"page-title style-547 style-local-376-c5 position-relative h-element\">\n                  <!---->\n                  <div class=\"h-page-title__outer style-547-outer style-local-376-c5-outer\">\n                    <div class=\"h-global-transition-all\"><span><h1 style='margin-bottom:0'>Maskiner<\/h1><\/span><\/div>\n                  <\/div>\n                <\/div>\n              <\/div>\n            <\/div>\n          <\/div>\n        <\/div>\n      <\/div>\n      <div data-colibri-id=\"376-c6\" class=\"h-row-container gutters-row-lg-2 gutters-row-md-2 gutters-row-0 gutters-row-v-lg-2 gutters-row-v-md-2 gutters-row-v-2 style-542 style-local-376-c6 position-relative\">\n        <!---->\n        <div class=\"h-row justify-content-lg-center justify-content-md-center justify-content-center align-items-lg-stretch align-items-md-stretch align-items-stretch gutters-col-lg-2 gutters-col-md-2 gutters-col-0 gutters-col-v-lg-2 gutters-col-v-md-2 gutters-col-v-2\">\n          <!---->\n          <div class=\"h-column h-column-container d-flex h-col-lg-auto h-col-md-auto h-col-auto style-543-outer style-local-376-c7-outer\">\n            <div data-colibri-id=\"376-c7\" class=\"d-flex h-flex-basis h-column__inner h-px-lg-2 h-px-md-2 h-px-2 v-inner-lg-2 v-inner-md-2 v-inner-2 style-543 style-local-376-c7 position-relative\">\n              <!---->\n              <!---->\n              <div class=\"w-100 h-y-container h-column__content h-column__v-align flex-basis-100 align-self-lg-start align-self-md-start align-self-start\">\n                <!---->\n                <div data-colibri-id=\"376-c8\" class=\"h-text h-text-component style-544 style-local-376-c8 position-relative h-element\">\n                  <!---->\n                  <!---->\n                  <div class=\"\">\n                    <p>F\u00f8rhen lavede vi selv alt i marken. Men over de sidste 10 \u00e5r er vi g\u00e5et helt v\u00e6k fra at g\u00f8re noget selv. Det betyder at vi har solgt voldsomt ud af alle maskiner. Det resterende materiel vi har tilbage best\u00e5r nu af 2-3 gamle traktorer\n                      og lidt vogne til diverse. I dag har vi et rigtig godt samarbejde med Jerslev maskinstation plus andet hj\u00e6lp fra lokale.<\/p>\n                    <p>Derudover har vi selvf\u00f8lgelig vores materiel til at fodre dyrene med. Det best\u00e5r af 3 mindre gummigede, 4 minil\u00e6ssere og en selvk\u00f8rende fodermaskine.<\/p>\n                    <p>Vores fravalg af egne maskiner g\u00f8r, at vi er meget feksible i forhold til at lave \u00e6ndringer i, hvordan vi driver marken.<\/p>\n                    <p>Maskinstationen kommer med en masse grej, n\u00e5r vi ringer, og vi kan g\u00f8re tingene f\u00e6rdige p\u00e5 kort tid.<\/p>\n                    <p>Kvaliteten af arbejdet i marken er altafg\u00f8rende for, at vi f\u00e5r noget godt foder til vores dyr. Er foderet i orden har vi glade k\u00f8er og personale. Det er bare s\u00e5 meget nemmere det hele.<\/p>\n                    <p>Godt foder er ogs\u00e5 lig med at vi ikke skal k\u00f8be s\u00e5 meget kraftfoder.<\/p>\n                    <p>\n                      <br>\n                    <\/p>\n                  <\/div>\n                <\/div>\n              <\/div>\n            <\/div>\n          <\/div>\n        <\/div>\n      <\/div>\n    <\/div>\n  <\/div>\n<\/div>","protected":false},"excerpt":{"rendered":"<p>F\u00f8rhen lavede vi selv alt i marken. Men over de sidste 10 \u00e5r er vi g\u00e5et helt v\u00e6k fra at g\u00f8re noget selv. Det betyder at vi har solgt voldsomt ud af alle maskiner. Det resterende materiel vi har tilbage best\u00e5r nu af 2-3 gamle traktorer og lidt vogne til diverse. I dag har vi [&hellip;]<\/p>\n","protected":false},"author":1,"featured_media":0,"parent":0,"menu_order":0,"comment_status":"closed","ping_status":"closed","template":"page-templates\/full-width-page.php","meta":{"footnotes":""},"_links":{"self":[{"href":"https:\/\/klovborg.mit-hosting01.dk\/index.php\/wp-json\/wp\/v2\/pages\/376"}],"collection":[{"href":"https:\/\/klovborg.mit-hosting01.dk\/index.php\/wp-json\/wp\/v2\/pages"}],"about":[{"href":"https:\/\/klovborg.mit-hosting01.dk\/index.php\/wp-json\/wp\/v2\/types\/page"}],"author":[{"embeddable":true,"href":"https:\/\/klovborg.mit-hosting01.dk\/index.php\/wp-json\/wp\/v2\/users\/1"}],"replies":[{"embeddable":true,"href":"https:\/\/klovborg.mit-hosting01.dk\/index.php\/wp-json\/wp\/v2\/comments?post=376"}],"version-history":[{"count":2,"href":"https:\/\/klovborg.mit-hosting01.dk\/index.php\/wp-json\/wp\/v2\/pages\/376\/revisions"}],"predecessor-version":[{"id":585,"href":"https:\/\/klovborg.mit-hosting01.dk\/index.php\/wp-json\/wp\/v2\/pages\/376\/revisions\/585"}],"wp:attachment":[{"href":"https:\/\/klovborg.mit-hosting01.dk\/index.php\/wp-json\/wp\/v2\/media?parent=376"}],"curies":[{"name":"wp","href":"https:\/\/api.w.org\/{rel}","templated":true}]}}