{"id":199,"date":"2023-11-30T14:19:55","date_gmt":"2023-11-30T14:19:55","guid":{"rendered":"https:\/\/klovborg.mit-hosting01.dk\/index.php\/fossevangen\/"},"modified":"2023-12-01T09:13:13","modified_gmt":"2023-12-01T09:13:13","slug":"fossevangen","status":"publish","type":"page","link":"https:\/\/klovborg.mit-hosting01.dk\/index.php\/fossevangen\/","title":{"rendered":"Fossevangen"},"content":{"rendered":"<div data-colibri-id=\"199-c1\" class=\"style-435 style-local-199-c1 position-relative\">\n  <!---->\n  <div data-colibri-component=\"section\" data-colibri-id=\"199-c2\" id=\"custom\" class=\"h-section h-section-global-spacing d-flex align-items-lg-center align-items-md-center align-items-center style-436 style-local-199-c2 position-relative\">\n    <!---->\n    <!---->\n    <div class=\"h-section-grid-container h-section-boxed-container\">\n      <!---->\n      <div data-colibri-id=\"199-c3\" class=\"h-row-container gutters-row-lg-2 gutters-row-md-2 gutters-row-0 gutters-row-v-lg-2 gutters-row-v-md-2 gutters-row-v-2 style-437 style-local-199-c3 position-relative\">\n        <!---->\n        <div class=\"h-row justify-content-lg-center justify-content-md-center justify-content-center align-items-lg-stretch align-items-md-stretch align-items-stretch gutters-col-lg-2 gutters-col-md-2 gutters-col-0 gutters-col-v-lg-2 gutters-col-v-md-2 gutters-col-v-2\">\n          <!---->\n          <div class=\"h-column h-column-container d-flex h-col-lg-auto h-col-md-auto h-col-auto style-438-outer style-local-199-c4-outer\">\n            <div data-colibri-id=\"199-c4\" class=\"d-flex h-flex-basis h-column__inner h-px-lg-2 h-px-md-2 h-px-2 v-inner-lg-2 v-inner-md-2 v-inner-2 style-438 style-local-199-c4 position-relative\">\n              <!---->\n              <!---->\n              <div class=\"w-100 h-y-container h-column__content h-column__v-align flex-basis-100 align-self-lg-start align-self-md-start align-self-start\">\n                <!---->\n                <div data-colibri-id=\"199-c5\" class=\"page-title style-439 style-local-199-c5 position-relative h-element\">\n                  <!---->\n                  <div class=\"h-page-title__outer style-439-outer style-local-199-c5-outer\">\n                    <div class=\"h-global-transition-all\"><span><h1 style='margin-bottom:0'>Fossevangen<\/h1><\/span><\/div>\n                  <\/div>\n                <\/div>\n              <\/div>\n            <\/div>\n          <\/div>\n        <\/div>\n      <\/div>\n      <div data-colibri-id=\"199-c6\" class=\"h-row-container gutters-row-lg-2 gutters-row-md-2 gutters-row-0 gutters-row-v-lg-2 gutters-row-v-md-2 gutters-row-v-2 style-440 style-local-199-c6 position-relative\">\n        <!---->\n        <div class=\"h-row justify-content-lg-center justify-content-md-center justify-content-center align-items-lg-stretch align-items-md-stretch align-items-stretch gutters-col-lg-2 gutters-col-md-2 gutters-col-0 gutters-col-v-lg-2 gutters-col-v-md-2 gutters-col-v-2\">\n          <!---->\n          <div class=\"h-column h-column-container d-flex h-col-lg-auto h-col-md-auto h-col-auto style-441-outer style-local-199-c7-outer\">\n            <div data-colibri-id=\"199-c7\" class=\"d-flex h-flex-basis h-column__inner h-px-lg-2 h-px-md-2 h-px-2 v-inner-lg-2 v-inner-md-2 v-inner-2 style-441 style-local-199-c7 position-relative\">\n              <!---->\n              <!---->\n              <div class=\"w-100 h-y-container h-column__content h-column__v-align flex-basis-100 align-self-lg-start align-self-md-start align-self-start\">\n                <!---->\n                <div data-colibri-id=\"199-c8\" class=\"d-block style-442 style-local-199-c8 position-relative h-element\">\n                  <!---->\n                  <div class=\"h-image__frame-container-outer\">\n                    <div class=\"h-image__frame-container\">\n                      <!---->\n                      <!---->\n                      <img loading=\"lazy\" decoding=\"async\" width=\"722\" height=\"275\" src=\"https:\/\/klovborg.mit-hosting01.dk\/wp-content\/uploads\/2023\/11\/fossev3.jpg\" class=\"wp-image-207 style-442-image style-local-199-c8-image\" alt=\"\" srcset=\"https:\/\/klovborg.mit-hosting01.dk\/wp-content\/uploads\/2023\/11\/fossev3.jpg 722w, https:\/\/klovborg.mit-hosting01.dk\/wp-content\/uploads\/2023\/11\/fossev3-300x114.jpg 300w\" sizes=\"(max-width: 722px) 100vw, 722px\" \/>\n                      <div class=\"h-image__frame h-hide-lg h-hide-md h-hide-sm style-442-frameImage style-local-199-c8-frameImage\"><\/div>\n                    <\/div>\n                  <\/div>\n                <\/div>\n                <div data-colibri-id=\"199-c9\" class=\"h-text h-text-component style-443 style-local-199-c9 position-relative h-element\">\n                  <!---->\n                  <!---->\n                  <div class=\"\">\n                    <p>P\u00e5 Fossevangen bor Amalie og Jim. Amalie passer alle ungdyrene sammen med Tina. Tina er driftleder p\u00e5 alle de ejendomme, vi har ungdyr p\u00e5. Tina er flyttet til T\u00e5rs sammen med familien.<\/p>\n                    <p>Der bliver brugt k\u00f8n sorteret s\u00e6d til alle kvierne. Dermed f\u00f8der de kviekalve alle sammen. Det giver os en hel masser kvier \u00e5rligt, som vi ikke har &#8220;brug&#8221; for. Det giver os mulighed for at s\u00e6lge ca. 450 kvier \u00e5rligt til eksport. Mange\n                      af dem er tidligere solgt&nbsp;til Rusland, mens det idag prim\u00e6rt er&nbsp;andre lande i Europa der aftager vores kvier.<\/p>\n                    <p>Fossevangen har tidligere v\u00e6ret brugt som bondeg\u00e5rdsferie, hvilket betyder at der er en del mindre lejligheder\/v\u00e6relser. Idag lejes lejlighederne ud til forskellige landbrugsmedarbejdere.<\/p>\n                    <p>\n                      <br>\n                    <\/p>\n                  <\/div>\n                <\/div>\n                <div data-colibri-id=\"199-c10\" class=\"d-block style-444 style-local-199-c10 position-relative h-element\">\n                  <!---->\n                  <div class=\"h-image__frame-container-outer\">\n                    <div class=\"h-image__frame-container\">\n                      <!---->\n                      <!---->\n                      <img loading=\"lazy\" decoding=\"async\" width=\"800\" height=\"566\" src=\"https:\/\/klovborg.mit-hosting01.dk\/wp-content\/uploads\/2023\/11\/Fossevangen_0.jpg\" class=\"wp-image-208 style-444-image style-local-199-c10-image\" alt=\"\" srcset=\"https:\/\/klovborg.mit-hosting01.dk\/wp-content\/uploads\/2023\/11\/Fossevangen_0.jpg 800w, https:\/\/klovborg.mit-hosting01.dk\/wp-content\/uploads\/2023\/11\/Fossevangen_0-300x212.jpg 300w, https:\/\/klovborg.mit-hosting01.dk\/wp-content\/uploads\/2023\/11\/Fossevangen_0-768x543.jpg 768w\" sizes=\"(max-width: 800px) 100vw, 800px\" \/>\n                      <div class=\"h-image__frame h-hide-lg h-hide-md h-hide-sm style-444-frameImage style-local-199-c10-frameImage\"><\/div>\n                    <\/div>\n                  <\/div>\n                <\/div>\n              <\/div>\n            <\/div>\n          <\/div>\n        <\/div>\n      <\/div>\n    <\/div>\n  <\/div>\n<\/div>","protected":false},"excerpt":{"rendered":"<p>P\u00e5 Fossevangen bor Amalie og Jim. Amalie passer alle ungdyrene sammen med Tina. Tina er driftleder p\u00e5 alle de ejendomme, vi har ungdyr p\u00e5. Tina er flyttet til T\u00e5rs sammen med familien. Der bliver brugt k\u00f8n sorteret s\u00e6d til alle kvierne. Dermed f\u00f8der de kviekalve alle sammen. Det giver os en hel masser kvier \u00e5rligt, [&hellip;]<\/p>\n","protected":false},"author":1,"featured_media":0,"parent":0,"menu_order":0,"comment_status":"closed","ping_status":"closed","template":"page-templates\/full-width-page.php","meta":{"footnotes":""},"_links":{"self":[{"href":"https:\/\/klovborg.mit-hosting01.dk\/index.php\/wp-json\/wp\/v2\/pages\/199"}],"collection":[{"href":"https:\/\/klovborg.mit-hosting01.dk\/index.php\/wp-json\/wp\/v2\/pages"}],"about":[{"href":"https:\/\/klovborg.mit-hosting01.dk\/index.php\/wp-json\/wp\/v2\/types\/page"}],"author":[{"embeddable":true,"href":"https:\/\/klovborg.mit-hosting01.dk\/index.php\/wp-json\/wp\/v2\/users\/1"}],"replies":[{"embeddable":true,"href":"https:\/\/klovborg.mit-hosting01.dk\/index.php\/wp-json\/wp\/v2\/comments?post=199"}],"version-history":[{"count":2,"href":"https:\/\/klovborg.mit-hosting01.dk\/index.php\/wp-json\/wp\/v2\/pages\/199\/revisions"}],"predecessor-version":[{"id":557,"href":"https:\/\/klovborg.mit-hosting01.dk\/index.php\/wp-json\/wp\/v2\/pages\/199\/revisions\/557"}],"wp:attachment":[{"href":"https:\/\/klovborg.mit-hosting01.dk\/index.php\/wp-json\/wp\/v2\/media?parent=199"}],"curies":[{"name":"wp","href":"https:\/\/api.w.org\/{rel}","templated":true}]}}