{"id":170,"date":"2023-11-30T14:14:03","date_gmt":"2023-11-30T14:14:03","guid":{"rendered":"https:\/\/klovborg.mit-hosting01.dk\/?page_id=170"},"modified":"2023-12-01T09:11:56","modified_gmt":"2023-12-01T09:11:56","slug":"lykkegaard","status":"publish","type":"page","link":"https:\/\/klovborg.mit-hosting01.dk\/index.php\/lykkegaard\/","title":{"rendered":"Lykkeg\u00e5rd"},"content":{"rendered":"<div data-colibri-id=\"170-c1\" class=\"style-413 style-local-170-c1 position-relative\">\n  <!---->\n  <div data-colibri-component=\"section\" data-colibri-id=\"170-c2\" id=\"custom\" class=\"h-section h-section-global-spacing d-flex align-items-lg-center align-items-md-center align-items-center style-414 style-local-170-c2 position-relative\">\n    <!---->\n    <!---->\n    <div class=\"h-section-grid-container h-section-boxed-container\">\n      <!---->\n      <div data-colibri-id=\"170-c3\" class=\"h-row-container gutters-row-lg-2 gutters-row-md-2 gutters-row-0 gutters-row-v-lg-2 gutters-row-v-md-2 gutters-row-v-2 style-417 style-local-170-c3 position-relative\">\n        <!---->\n        <div class=\"h-row justify-content-lg-center justify-content-md-center justify-content-center align-items-lg-stretch align-items-md-stretch align-items-stretch gutters-col-lg-2 gutters-col-md-2 gutters-col-0 gutters-col-v-lg-2 gutters-col-v-md-2 gutters-col-v-2\">\n          <!---->\n          <div class=\"h-column h-column-container d-flex h-col-lg-auto h-col-md-auto h-col-auto style-418-outer style-local-170-c4-outer\">\n            <div data-colibri-id=\"170-c4\" class=\"d-flex h-flex-basis h-column__inner h-px-lg-2 h-px-md-2 h-px-2 v-inner-lg-2 v-inner-md-2 v-inner-2 style-418 style-local-170-c4 position-relative\">\n              <!---->\n              <!---->\n              <div class=\"w-100 h-y-container h-column__content h-column__v-align flex-basis-100 align-self-lg-start align-self-md-start align-self-start\">\n                <!---->\n                <div data-colibri-id=\"170-c5\" class=\"page-title style-419 style-local-170-c5 position-relative h-element\">\n                  <!---->\n                  <div class=\"h-page-title__outer style-419-outer style-local-170-c5-outer\">\n                    <div class=\"h-global-transition-all\"><span><h1 style='margin-bottom:0'>Lykkeg\u00e5rd<\/h1><\/span><\/div>\n                  <\/div>\n                <\/div>\n              <\/div>\n            <\/div>\n          <\/div>\n        <\/div>\n      <\/div>\n      <div data-colibri-id=\"170-c6\" class=\"h-row-container gutters-row-lg-2 gutters-row-md-2 gutters-row-0 gutters-row-v-lg-2 gutters-row-v-md-2 gutters-row-v-2 style-415 style-local-170-c6 position-relative\">\n        <!---->\n        <div class=\"h-row justify-content-lg-center justify-content-md-center justify-content-center align-items-lg-stretch align-items-md-stretch align-items-stretch gutters-col-lg-2 gutters-col-md-2 gutters-col-0 gutters-col-v-lg-2 gutters-col-v-md-2 gutters-col-v-2\">\n          <!---->\n          <div class=\"h-column h-column-container d-flex h-col-lg-auto h-col-md-auto h-col-auto style-416-outer style-local-170-c7-outer\">\n            <div data-colibri-id=\"170-c7\" class=\"d-flex h-flex-basis h-column__inner h-px-lg-2 h-px-md-2 h-px-2 v-inner-lg-2 v-inner-md-2 v-inner-2 style-416 style-local-170-c7 position-relative\">\n              <!---->\n              <!---->\n              <div class=\"w-100 h-y-container h-column__content h-column__v-align flex-basis-100 align-self-lg-start align-self-md-start align-self-start\">\n                <!---->\n                <div data-colibri-id=\"170-c8\" class=\"d-block style-420 style-local-170-c8 position-relative h-element\">\n                  <!---->\n                  <div class=\"h-image__frame-container-outer\">\n                    <div class=\"h-image__frame-container\">\n                      <!---->\n                      <!---->\n                      <img loading=\"lazy\" decoding=\"async\" width=\"2000\" height=\"1333\" src=\"https:\/\/klovborg.mit-hosting01.dk\/wp-content\/uploads\/2023\/11\/IMG_1110.jpg\" class=\"wp-image-179 style-420-image style-local-170-c8-image\" alt=\"\" srcset=\"https:\/\/klovborg.mit-hosting01.dk\/wp-content\/uploads\/2023\/11\/IMG_1110.jpg 2000w, https:\/\/klovborg.mit-hosting01.dk\/wp-content\/uploads\/2023\/11\/IMG_1110-300x200.jpg 300w, https:\/\/klovborg.mit-hosting01.dk\/wp-content\/uploads\/2023\/11\/IMG_1110-1024x682.jpg 1024w, https:\/\/klovborg.mit-hosting01.dk\/wp-content\/uploads\/2023\/11\/IMG_1110-768x512.jpg 768w, https:\/\/klovborg.mit-hosting01.dk\/wp-content\/uploads\/2023\/11\/IMG_1110-1536x1024.jpg 1536w\" sizes=\"(max-width: 2000px) 100vw, 2000px\" \/>\n                      <div class=\"h-image__frame h-hide-lg h-hide-md h-hide-sm style-420-frameImage style-local-170-c8-frameImage\"><\/div>\n                    <\/div>\n                  <\/div>\n                <\/div>\n                <div data-colibri-id=\"170-c9\" class=\"h-text h-text-component style-423 style-local-170-c9 position-relative h-element\">\n                  <!---->\n                  <!---->\n                  <div class=\"\">\n                    <p>Her p\u00e5 Lykkeg\u00e5rd bor Joan og Niels med deres tre b\u00f8rn, Valdemar p\u00e5 16&nbsp;\u00e5r , Johanne p\u00e5 12 \u00e5r samt Alfred p\u00e5 2&nbsp;\u00e5r<\/p>\n                    <p>Joan er uddannet p\u00e6dagog, men valgte at sige sit job op da Johanne var 2 \u00e5r. Siden da har hun taget en mass\u00f8r uddannelse, som hun bruger p\u00e5 nogle bosteder i lokalomr\u00e5det.<\/p>\n                    <p>Niels er ikke s\u00e6rlig aktiv i det daglige. Hans job er, at alle er glade og tilpas, samt planl\u00e6gger lidt ud i fremtiden. Anders er driftleder p\u00e5 Lykkeg\u00e5rd, han holder \u00f8je med, at alt er som det skal v\u00e6re, s\u00e5 k\u00f8er og kalve er i topform.<\/p>\n                    <p>P\u00e5 Lykkeg\u00e5rd bor der 730 malkek\u00f8er, der giver omkring 5.000.000 liter m\u00e6lk om \u00e5ret. Denne m\u00e6lk indeholder 300.000kg. fedt (5,9%). Den h\u00f8je fedtprocent skyldes at vores ko race er jersey.<\/p>\n                    <p>P\u00e5 g\u00e5rden k\u00e6lves der omkring&nbsp;850 kalve om \u00e5ret, som efterf\u00f8lgende flytter p\u00e5 Klovborg, hvor de vokser op.<\/p>\n                    <p>Udover k\u00f8erne bor der ogs\u00e5 en del katte p\u00e5 g\u00e5rden, samt et par kaniner og vores hunde&nbsp;Jensen og Bassim<\/p>\n                    <p>\n                      <br>\n                    <\/p>\n                  <\/div>\n                <\/div>\n                <div data-colibri-id=\"170-c10\" class=\"d-block style-424 style-local-170-c10 position-relative h-element\">\n                  <!---->\n                  <div class=\"h-image__frame-container-outer\">\n                    <div class=\"h-image__frame-container\">\n                      <!---->\n                      <!---->\n                      <img loading=\"lazy\" decoding=\"async\" width=\"800\" height=\"566\" src=\"https:\/\/klovborg.mit-hosting01.dk\/wp-content\/uploads\/2023\/11\/Lykkegaard.jpg\" class=\"wp-image-180 style-424-image style-local-170-c10-image\" alt=\"\" srcset=\"https:\/\/klovborg.mit-hosting01.dk\/wp-content\/uploads\/2023\/11\/Lykkegaard.jpg 800w, https:\/\/klovborg.mit-hosting01.dk\/wp-content\/uploads\/2023\/11\/Lykkegaard-300x212.jpg 300w, https:\/\/klovborg.mit-hosting01.dk\/wp-content\/uploads\/2023\/11\/Lykkegaard-768x543.jpg 768w\" sizes=\"(max-width: 800px) 100vw, 800px\" \/>\n                      <div class=\"h-image__frame h-hide-lg h-hide-md h-hide-sm style-424-frameImage style-local-170-c10-frameImage\"><\/div>\n                    <\/div>\n                  <\/div>\n                <\/div>\n              <\/div>\n            <\/div>\n          <\/div>\n        <\/div>\n      <\/div>\n    <\/div>\n  <\/div>\n<\/div>","protected":false},"excerpt":{"rendered":"<p>Her p\u00e5 Lykkeg\u00e5rd bor Joan og Niels med deres tre b\u00f8rn, Valdemar p\u00e5 16&nbsp;\u00e5r , Johanne p\u00e5 12 \u00e5r samt Alfred p\u00e5 2&nbsp;\u00e5r Joan er uddannet p\u00e6dagog, men valgte at sige sit job op da Johanne var 2 \u00e5r. Siden da har hun taget en mass\u00f8r uddannelse, som hun bruger p\u00e5 nogle bosteder i lokalomr\u00e5det. [&hellip;]<\/p>\n","protected":false},"author":1,"featured_media":0,"parent":0,"menu_order":0,"comment_status":"closed","ping_status":"closed","template":"page-templates\/full-width-page.php","meta":{"footnotes":""},"_links":{"self":[{"href":"https:\/\/klovborg.mit-hosting01.dk\/index.php\/wp-json\/wp\/v2\/pages\/170"}],"collection":[{"href":"https:\/\/klovborg.mit-hosting01.dk\/index.php\/wp-json\/wp\/v2\/pages"}],"about":[{"href":"https:\/\/klovborg.mit-hosting01.dk\/index.php\/wp-json\/wp\/v2\/types\/page"}],"author":[{"embeddable":true,"href":"https:\/\/klovborg.mit-hosting01.dk\/index.php\/wp-json\/wp\/v2\/users\/1"}],"replies":[{"embeddable":true,"href":"https:\/\/klovborg.mit-hosting01.dk\/index.php\/wp-json\/wp\/v2\/comments?post=170"}],"version-history":[{"count":3,"href":"https:\/\/klovborg.mit-hosting01.dk\/index.php\/wp-json\/wp\/v2\/pages\/170\/revisions"}],"predecessor-version":[{"id":536,"href":"https:\/\/klovborg.mit-hosting01.dk\/index.php\/wp-json\/wp\/v2\/pages\/170\/revisions\/536"}],"wp:attachment":[{"href":"https:\/\/klovborg.mit-hosting01.dk\/index.php\/wp-json\/wp\/v2\/media?parent=170"}],"curies":[{"name":"wp","href":"https:\/\/api.w.org\/{rel}","templated":true}]}}