{"id":132,"date":"2023-11-30T14:04:50","date_gmt":"2023-11-30T14:04:50","guid":{"rendered":"https:\/\/klovborg.mit-hosting01.dk\/?page_id=132"},"modified":"2023-12-01T09:10:36","modified_gmt":"2023-12-01T09:10:36","slug":"klovborg","status":"publish","type":"page","link":"https:\/\/klovborg.mit-hosting01.dk\/index.php\/klovborg\/","title":{"rendered":"Klovborg"},"content":{"rendered":"<div data-colibri-id=\"132-c1\" class=\"style-403 style-local-132-c1 position-relative\">\n  <!---->\n  <div data-colibri-component=\"section\" data-colibri-id=\"132-c2\" id=\"custom\" class=\"h-section h-section-global-spacing d-flex align-items-lg-center align-items-md-center align-items-center style-404 style-local-132-c2 position-relative\">\n    <!---->\n    <!---->\n    <div class=\"h-section-grid-container h-section-boxed-container\">\n      <!---->\n      <div data-colibri-id=\"132-c3\" class=\"h-row-container gutters-row-lg-2 gutters-row-md-2 gutters-row-0 gutters-row-v-lg-2 gutters-row-v-md-2 gutters-row-v-2 style-410 style-local-132-c3 position-relative\">\n        <!---->\n        <div class=\"h-row justify-content-lg-center justify-content-md-center justify-content-center align-items-lg-stretch align-items-md-stretch align-items-stretch gutters-col-lg-2 gutters-col-md-2 gutters-col-0 gutters-col-v-lg-2 gutters-col-v-md-2 gutters-col-v-2\">\n          <!---->\n          <div class=\"h-column h-column-container d-flex h-col-lg-auto h-col-md-auto h-col-auto style-411-outer style-local-132-c4-outer\">\n            <div data-colibri-id=\"132-c4\" class=\"d-flex h-flex-basis h-column__inner h-px-lg-2 h-px-md-2 h-px-2 v-inner-lg-2 v-inner-md-2 v-inner-2 style-411 style-local-132-c4 position-relative\">\n              <!---->\n              <!---->\n              <div class=\"w-100 h-y-container h-column__content h-column__v-align flex-basis-100 align-self-lg-start align-self-md-start align-self-start\">\n                <!---->\n                <div data-colibri-id=\"132-c5\" class=\"page-title style-412 style-local-132-c5 position-relative h-element\">\n                  <!---->\n                  <div class=\"h-page-title__outer style-412-outer style-local-132-c5-outer\">\n                    <div class=\"h-global-transition-all\"><span><h1 style='margin-bottom:0'>Klovborg<\/h1><\/span><\/div>\n                  <\/div>\n                <\/div>\n              <\/div>\n            <\/div>\n          <\/div>\n        <\/div>\n      <\/div>\n      <div data-colibri-id=\"132-c6\" class=\"h-row-container gutters-row-lg-2 gutters-row-md-2 gutters-row-0 gutters-row-v-lg-2 gutters-row-v-md-2 gutters-row-v-2 style-405 style-local-132-c6 position-relative\">\n        <!---->\n        <div class=\"h-row justify-content-lg-center justify-content-md-center justify-content-center align-items-lg-stretch align-items-md-stretch align-items-stretch gutters-col-lg-2 gutters-col-md-2 gutters-col-0 gutters-col-v-lg-2 gutters-col-v-md-2 gutters-col-v-2\">\n          <!---->\n          <div class=\"h-column h-column-container d-flex h-col-lg-auto h-col-md-auto h-col-auto style-406-outer style-local-132-c7-outer\">\n            <div data-colibri-id=\"132-c7\" class=\"d-flex h-flex-basis h-column__inner h-px-lg-2 h-px-md-2 h-px-2 v-inner-lg-2 v-inner-md-2 v-inner-2 style-406 style-local-132-c7 position-relative\">\n              <!---->\n              <!---->\n              <div class=\"w-100 h-y-container h-column__content h-column__v-align flex-basis-100 align-self-lg-start align-self-md-start align-self-start\">\n                <!---->\n                <div data-colibri-id=\"132-c8\" class=\"d-block style-407 style-local-132-c8 position-relative h-element\">\n                  <!---->\n                  <div class=\"h-image__frame-container-outer\">\n                    <div class=\"h-image__frame-container\">\n                      <!---->\n                      <!---->\n                      <img loading=\"lazy\" decoding=\"async\" width=\"1253\" height=\"490\" src=\"https:\/\/klovborg.mit-hosting01.dk\/wp-content\/uploads\/2023\/11\/klovbo1.jpg\" class=\"wp-image-162 style-407-image style-local-132-c8-image\" alt=\"\" srcset=\"https:\/\/klovborg.mit-hosting01.dk\/wp-content\/uploads\/2023\/11\/klovbo1.jpg 1253w, https:\/\/klovborg.mit-hosting01.dk\/wp-content\/uploads\/2023\/11\/klovbo1-300x117.jpg 300w, https:\/\/klovborg.mit-hosting01.dk\/wp-content\/uploads\/2023\/11\/klovbo1-1024x400.jpg 1024w, https:\/\/klovborg.mit-hosting01.dk\/wp-content\/uploads\/2023\/11\/klovbo1-768x300.jpg 768w\" sizes=\"(max-width: 1253px) 100vw, 1253px\" \/>\n                      <div class=\"h-image__frame h-hide-lg h-hide-md h-hide-sm style-407-frameImage style-local-132-c8-frameImage\"><\/div>\n                    <\/div>\n                  <\/div>\n                <\/div>\n                <div data-colibri-id=\"132-c9\" class=\"h-text h-text-component style-408 style-local-132-c9 position-relative h-element\">\n                  <!---->\n                  <!---->\n                  <div class=\"\">\n                    <p>Her p\u00e5 Klovborg bor Lis og Lars, som har 4 voksne b\u00f8rn og en hel masse b\u00f8rneb\u00f8rn.<\/p>\n                    <p>Lis er g\u00e5et p\u00e5 efterl\u00f8n, efter et langt arbejdsliv p\u00e5 apoteket, det betyder at hun nu har tid til at tage h\u00e5nd om den daglige &#8220;omsorg&#8221; p\u00e5 g\u00e5rden.<\/p>\n                    <p>Lars passer g\u00e5rden sammen med 7 ansatte. Hver dag m\u00f8des man til formiddagskaffe og frokost. P\u00e5 den m\u00e5de f\u00e5r alle set hinanden og vendt de daglige g\u00f8rem\u00e5l.&nbsp;<\/p>\n                    <p>P\u00e5 Klovborg er der 635 malkek\u00f8er der p\u00e5 \u00e5rsbasis giver omkring&nbsp;4.400.000 liter m\u00e6lk. M\u00e6lken indeholder 261.000 kg fedt (5,9 %), den h\u00f8je fedtprocent skyldes, at det udelukkende er jersyk\u00f8er.&nbsp;<\/p>\n                    <p>Foruden malkek\u00f8er bor der ogs\u00e5 kalve p\u00e5 Klovborg. Faktisk er det her at alle vores dyr vokser op. Her p\u00e5 g\u00e5rden k\u00e6lves der ca. 700 kalve om \u00e5ret.<\/p>\n                    <p>(Det kan du l\u00e6se meget mere om under &#8220;koens livshistorie&#8221;.)<\/p>\n                    <p>Herudover bor der omkring 350 ungdyr p\u00e5 g\u00e5rden.<\/p>\n                    <p>Desuden er der masser af katte og killinger der fanger mus.<\/p>\n                  <\/div>\n                <\/div>\n                <div data-colibri-id=\"132-c10\" class=\"d-block style-409 style-local-132-c10 position-relative h-element\">\n                  <!---->\n                  <div class=\"h-image__frame-container-outer\">\n                    <div class=\"h-image__frame-container\">\n                      <!---->\n                      <!---->\n                      <img loading=\"lazy\" decoding=\"async\" width=\"800\" height=\"566\" src=\"https:\/\/klovborg.mit-hosting01.dk\/wp-content\/uploads\/2023\/11\/Klovborg_0.jpg\" class=\"wp-image-163 style-409-image style-local-132-c10-image\" alt=\"\" srcset=\"https:\/\/klovborg.mit-hosting01.dk\/wp-content\/uploads\/2023\/11\/Klovborg_0.jpg 800w, https:\/\/klovborg.mit-hosting01.dk\/wp-content\/uploads\/2023\/11\/Klovborg_0-300x212.jpg 300w, https:\/\/klovborg.mit-hosting01.dk\/wp-content\/uploads\/2023\/11\/Klovborg_0-768x543.jpg 768w\" sizes=\"(max-width: 800px) 100vw, 800px\" \/>\n                      <div class=\"h-image__frame h-hide-lg h-hide-md h-hide-sm style-409-frameImage style-local-132-c10-frameImage\"><\/div>\n                    <\/div>\n                  <\/div>\n                <\/div>\n              <\/div>\n            <\/div>\n          <\/div>\n        <\/div>\n      <\/div>\n    <\/div>\n  <\/div>\n<\/div>","protected":false},"excerpt":{"rendered":"<p>Her p\u00e5 Klovborg bor Lis og Lars, som har 4 voksne b\u00f8rn og en hel masse b\u00f8rneb\u00f8rn. Lis er g\u00e5et p\u00e5 efterl\u00f8n, efter et langt arbejdsliv p\u00e5 apoteket, det betyder at hun nu har tid til at tage h\u00e5nd om den daglige &#8220;omsorg&#8221; p\u00e5 g\u00e5rden. Lars passer g\u00e5rden sammen med 7 ansatte. Hver dag m\u00f8des [&hellip;]<\/p>\n","protected":false},"author":1,"featured_media":0,"parent":0,"menu_order":0,"comment_status":"closed","ping_status":"closed","template":"page-templates\/full-width-page.php","meta":{"footnotes":""},"_links":{"self":[{"href":"https:\/\/klovborg.mit-hosting01.dk\/index.php\/wp-json\/wp\/v2\/pages\/132"}],"collection":[{"href":"https:\/\/klovborg.mit-hosting01.dk\/index.php\/wp-json\/wp\/v2\/pages"}],"about":[{"href":"https:\/\/klovborg.mit-hosting01.dk\/index.php\/wp-json\/wp\/v2\/types\/page"}],"author":[{"embeddable":true,"href":"https:\/\/klovborg.mit-hosting01.dk\/index.php\/wp-json\/wp\/v2\/users\/1"}],"replies":[{"embeddable":true,"href":"https:\/\/klovborg.mit-hosting01.dk\/index.php\/wp-json\/wp\/v2\/comments?post=132"}],"version-history":[{"count":3,"href":"https:\/\/klovborg.mit-hosting01.dk\/index.php\/wp-json\/wp\/v2\/pages\/132\/revisions"}],"predecessor-version":[{"id":522,"href":"https:\/\/klovborg.mit-hosting01.dk\/index.php\/wp-json\/wp\/v2\/pages\/132\/revisions\/522"}],"wp:attachment":[{"href":"https:\/\/klovborg.mit-hosting01.dk\/index.php\/wp-json\/wp\/v2\/media?parent=132"}],"curies":[{"name":"wp","href":"https:\/\/api.w.org\/{rel}","templated":true}]}}