{"id":130,"date":"2023-11-30T14:04:33","date_gmt":"2023-11-30T14:04:33","guid":{"rendered":"https:\/\/klovborg.mit-hosting01.dk\/?page_id=130"},"modified":"2023-12-01T09:11:16","modified_gmt":"2023-12-01T09:11:16","slug":"klovborgs-historie","status":"publish","type":"page","link":"https:\/\/klovborg.mit-hosting01.dk\/index.php\/klovborgs-historie\/","title":{"rendered":"Klovborgs historie"},"content":{"rendered":"<div data-colibri-id=\"130-c1\" class=\"style-578 style-local-130-c1 position-relative\">\n  <!---->\n  <div data-colibri-component=\"section\" data-colibri-id=\"130-c2\" id=\"custom\" class=\"h-section h-section-global-spacing d-flex align-items-lg-center align-items-md-center align-items-center style-579 style-local-130-c2 position-relative\">\n    <!---->\n    <!---->\n    <div class=\"h-section-grid-container h-section-boxed-container\">\n      <!---->\n      <div data-colibri-id=\"130-c3\" class=\"h-row-container gutters-row-lg-2 gutters-row-md-2 gutters-row-0 gutters-row-v-lg-2 gutters-row-v-md-2 gutters-row-v-2 style-580 style-local-130-c3 position-relative\">\n        <!---->\n        <div class=\"h-row justify-content-lg-center justify-content-md-center justify-content-center align-items-lg-stretch align-items-md-stretch align-items-stretch gutters-col-lg-2 gutters-col-md-2 gutters-col-0 gutters-col-v-lg-2 gutters-col-v-md-2 gutters-col-v-2\">\n          <!---->\n          <div class=\"h-column h-column-container d-flex h-col-lg-auto h-col-md-auto h-col-auto style-581-outer style-local-130-c4-outer\">\n            <div data-colibri-id=\"130-c4\" class=\"d-flex h-flex-basis h-column__inner h-px-lg-2 h-px-md-2 h-px-2 v-inner-lg-2 v-inner-md-2 v-inner-2 style-581 style-local-130-c4 position-relative\">\n              <!---->\n              <!---->\n              <div class=\"w-100 h-y-container h-column__content h-column__v-align flex-basis-100 align-self-lg-start align-self-md-start align-self-start\">\n                <!---->\n                <div data-colibri-id=\"130-c5\" class=\"page-title style-583 style-local-130-c5 position-relative h-element\">\n                  <!---->\n                  <div class=\"h-page-title__outer style-583-outer style-local-130-c5-outer\">\n                    <div class=\"h-global-transition-all\"><span><h1 style='margin-bottom:0'>Klovborgs historie<\/h1><\/span><\/div>\n                  <\/div>\n                <\/div>\n                <div data-colibri-id=\"130-c6\" class=\"h-text h-text-component style-582 style-local-130-c6 position-relative h-element\">\n                  <!---->\n                  <!---->\n                  <div class=\"\">\n                    <p>Her kan du l\u00e6se hvordan vi har drevet Klovborg siden overtagelsen i 1976.<\/p>\n                    <p>&nbsp;<\/p>\n                    <p>Klovborg er beliggende syd for \u00d8. Br\u00f8nderslev i kanten af Vildmosen og derfor med megen lav&nbsp;jord.&nbsp;\n                      <br>18. august 1976 overtog vi Klovborg fra en driftig landmand som gennem 11 \u00e5r havde opbygget&nbsp;ejendommen\n                      <br>fra 11 ha. til 45 ha. og \u00f8get kostalden fra 8 k\u00f8er til 62 k\u00f8er, gennem h\u00e5rdt og&nbsp;m\u00e5lbevidst arbejde, men nu havde\n                      <br>lyst til at pr\u00f8ve noget andet i en alder af 48 \u00e5r.<\/p>\n                    <p>Jeg var n\u00e6sten f\u00e6rdig driftsleder fra Bygholm og Lis p\u00e5 vej til at blive pharmaceut i K\u00f8benhavn.\n                      <br>P\u00e5 trods af en meget varm sommer var der stadig gang i markerne og vi kunne k\u00f8re i de mest lavt liggende\n                      <br>marker der var p\u00e5 ejendommen. Tingene gik vores vej og vi fik fyldt godt op med produktionen gennem&nbsp;de\n                      <br>f\u00f8rste \u00e5r og dermed fik&nbsp;gang i v\u00e6kst tankerne.<\/p>\n                    <p>70 k\u00f8er i 1978 var det dobbelte af gennemsnittet, men 180 kunne nu give&nbsp;et andet liv med ansatte og en\n                      <br>bedre hverdag.&nbsp;<\/p>\n                    <p>September 1979 blev den nye kostald indviet, Niels var da et halvt \u00e5r og deltog interesseret fra\n                      <br>barnevognen. En ny vej var startet med l\u00f8sdrift og malkestald, og et foderbord med k\u00e6de og\n                      <br>begr\u00e6nset \u00e6de plads havde set dagen lys, k\u00f8erne trivedes og vi var pave stolte over den sejr det\n                      <br>var at kunne f\u00e5 et s\u00e5dan anl\u00e6g i gang, jeg var lige fyldt 25 \u00e5r og Lis havde fast arbejde og indt\u00e6gt\n                      <br>fra apoteket i Br\u00f8nderslev. Lis` arbejde har altid v\u00e6ret et stort plus for Klovborg b\u00e5de menneskeligt\n                      <br>men ogs\u00e5 \u00f8konomisk.<\/p>\n                    <p>1981 var \u00e5ret hvor Danmark havde de h\u00f8jeste renter og nettet blev strammet omkring os, vi \u00f8gede\n                      <br>produktionen til 210 k\u00f8er og hev os igennem til renterne faldt i 1982, en oplevelse som min far\n                      <br>sagde alle burde pr\u00f8ve, det at mangle likviditet det glemmer du aldrig. Det var ogs\u00e5 \u00e5ret hvor\n                      <br>Klaus blev f\u00f8dt og nu havde jeg 2 fremtidige landm\u00e6nd i kikkerten.<\/p>\n                    <p>Dr\u00e6ning har altid v\u00e6ret en del af Klovborg og i 1983 blev det f\u00f8rste store projekt startet hvor 25\n                      <br>ha. vest for ejendommen blev gjort dyrkning sikre, senere har vi lagt mange km dr\u00e6n i vore\n                      <br>marker. Tingene k\u00f8rte videre og ved m\u00e6lke kvoternes indf\u00f8relse i 1984 var vi oppe p\u00e5 230 k\u00f8er og en\n                      <br>m\u00e6lkeproduktion der gjorde at vi kom ind med god kvote, anl\u00e6gget passede bedre til 200 k\u00f8er\n                      <br>end 230 og kvoten gjorde at vi blev sat ned med 8 %.<\/p>\n                    <p>Firserne k\u00f8rte videre med kvoterne og en stigende pris som var betalingen for indf\u00f8relsen af\n                      <br>kvoten. Det gik ind til 1989 hvor vi ogs\u00e5 var blevet en del af MD, efter at Nordjysk mejeri selskab\n                      <br>blev en del deraf. Det gav 25 \u00f8re ekstra 2 \u00e5r og det er de \u00e5r hvor indkomst skatten virkelig\n                      <br>begyndte at true os. Det var ogs\u00e5 de \u00e5r der var mange jordfordelinger i omr\u00e5det og vores areal\n                      <br>sneg sig op p\u00e5 80 ha.<\/p>\n                    <p>Gitte og Ellen kom i 1986 og 1987 og den komplette familie var etableret.\n                      <br>1987 var ogs\u00e5 \u00e5ret hvor vi startede op med b\u00e6rme fra Spritfabrikken, vores start med biprodukter\n                      <br>som gav en del udfordringer med og f\u00e5 til at fungere. Samarbejdet med Spritten kom til at give os\n                      <br>en masse gode oplevelser dels ved og komme til at kende de forskellige snaps, men s\u00e5 sandelig\n                      <br>ogs\u00e5 den kontakt vi kunne give dem til landbruget og s\u00e5 de gange hvor vi har brugt dem som\n                      <br>sponsor for ting her eller noget vi har deltaget i. Spritproduktionen stoppede i 2012 og dermed ikke\n                      <br>mere b\u00e6rme.<\/p>\n                    <p>Den statiske produktion passede os ikke og der var tegninger fremme om svinestald og f\u00e5rehold.\n                      <br>F\u00e5rene kom til og de 100 moderdyr holdt nogle \u00e5r, men selv om jeg havde pr\u00f8vet og klippe og\n                      <br>arbejde med f\u00e5r i New Zealand blev det aldrig den store succes.\n                      <br>K\u00f8erne var det prim\u00e6re, derfor \u00e6ndrede tingene sig ved at naboen mod syd Poul Schumacher\n                      <br>kom og ville s\u00e6lge ejendommen. Efter 3 m\u00e5neder og en kasse X-mas gik handlen igennem med\n                      <br>overtagelse p\u00e5 min f\u00f8dselsdag 12. april 1991. Vi fik mere kvote og kunne nu fylde stalden og blev\n                      <br>beriget med et bygningss\u00e6t mere.<\/p>\n                    <p>Laden som var lavet i enden af kostalden, med tanke om at den kunne blive stald blev indrettet i\n                      <br>1992 efter at der var bygget en ny lade i forl\u00e6ngelse med det nuv\u00e6rende staldanl\u00e6g.\n                      <br>Den f\u00f8rste nye gylletank blev lavet i 1989, det gyldne \u00e5r og grundet de nye kapacitets krav, vi\n                      <br>m\u00e5tte ikke l\u00e6ngere k\u00f8re gylle ud \u00e5ret rundt.\n                      <br>Nu gik det st\u00e6rkt da n\u00e6ste nabo Erik Johansen meldte sig som s\u00e6lger af deres ejendom, den\n                      <br>m\u00e5tte vi have og nu havde vi jo plads til flere k\u00f8er, en ejendom som omkransede vores marker\n                      <br>med et godt bygningss\u00e6t og en fin bes\u00e6tning som hurtig blev afsat til fine priser.\n                      <br>Bygningss\u00e6ttet p\u00e5 Granvej var jo godt og blev indrettet til 500 fedesvin, vi k\u00f8rte selv produktionen\n                      <br>12 \u00e5r, og lejede stalden ud derefter, 2011 blev bygningss\u00e6ttet solgt med 2 ha.\n                      <br>Det gik godt og i 1995 blev malkestalden for lille og blev fornyet med en 2 gange 16 side by side\n                      <br>malkestald. Kvoten strammede stadig og 1997 k\u00f8bte vi en fjernejendom i Hollensted, kun for at f\u00e5\n                      <br>fingre i kvoten, som oven i k\u00f8bet blev toldet. 3 \u00e5r havde vi ejendommen og det gik n\u00e6sten lige op,\n                      <br>hvis det ses med positive briller.\n                      <br>Produktionen gik fremad og i 1999 var det n\u00e6ste fjernejendom p\u00e5 Starengvej der kom ind i folden,\n                      <br>igen for at f\u00e5 mere kvote, denne gang dog uden at den blev toldet. En ret fors\u00f8mt ejendom med en\n                      <br>masse plastik, vi drev den 4 \u00e5r og solgte s\u00e5 til naboen, det gav 2 vindere vi var glade for at komme\n                      <br>af med den og han var glad for at f\u00e5 den.<\/p>\n                    <p>2001 havde vi behov for mere kostald, og lavede en parallelt med den vi havde. Byggeriet startede\n                      <br>11. sep. 2001, dagen hvor de to t\u00e5rne i New York blev angrebet, og der kom en ny terror\n                      <br>dagsorden. Vi k\u00f8rte videre med samme stald opbygning og m\u00e5l, men m\u00e5tte dog skifte Stranko\n                      <br>k\u00e6den ud med et nyt Mullerup feder anl\u00e6g, k\u00e6den kunne ikke n\u00e5 s\u00e5 langt og vi havde behov for\n                      <br>at k\u00f8erne kunne passere igennem foderbordet flere steder.<\/p>\n                    <p>Masser af plads og vi var oppe p\u00e5 godt 400 k\u00f8er, en fin st\u00f8rrelse og der var kommet 4 pladser\n                      <br>mere i malkestalden s\u00e5 der nu var en 2 gange 20. Det var ogs\u00e5 de \u00e5r vi startede op med majs\n                      <br>igen, efter nogen fork\u00f8lede fors\u00f8g i midt firserne. De kom til at presse hels\u00e6den ud af fodringen, men\n                      <br>s\u00e5dan har der jo v\u00e6ret nogle skift igennem tiden.<\/p>\n                    <p>Niels var godt i gang med landbrugs uddannelsen og havde \u00f8nske om og blive selvst\u00e6ndig, hvilket\n                      <br>passede fint ind i vores plan, der kan jo n\u00e6sten ikke opn\u00e5s noget bedre end at n\u00e6ste generation\n                      <br>har lyst til det samme som du selv har besk\u00e6ftiget dig med. I 2004 blev han f\u00e6rdig som agrar\n                      <br>\u00f8konom p\u00e5 Dalum, og fik straks arbejde p\u00e5 Djursland som kopasser, men med lyst til at f\u00e5 noget\n                      <br>selv n\u00e5r chancen b\u00f8d sig.<\/p>\n                    <p>Nyt\u00e5r 2004\/2005 gik det st\u00e6rkt, Niels overtog Lykkeg\u00e5rd og vi k\u00f8bte Fossevangen. P\u00e5 en gang\n                      <br>var jordarealet fordoblet, og ko tallet \u00f8get med 270 k\u00f8er. K\u00f8erne p\u00e5 Fossevangen blev dog solgt\n                      <br>efter 3 m\u00e5neder, det var Holstein og vi har jo jersey, hvilket giver lidt konflikt med malkestald og\n                      <br>b\u00e5se ved de ikke er samme st\u00f8rrelse. Der blev dog indk\u00f8bt nogen jersey s\u00e5 Klovborg kom op p\u00e5\n                      <br>knap 500 k\u00f8er, og Fossevangen blev \u00e6ndret til kvie opdr\u00e6t.<\/p>\n                    <p>Lykkeg\u00e5rd havde ogs\u00e5 Holstein, og b\u00e5sene var mere passende til jersey. Vi snakkede om det\n                      <br>efter\u00e5ret 2005, 3 uger efter var det klaret, en landmand ved T\u00e5rs havde k\u00f8bt naboen med jersey\n                      <br>men \u00f8nskede Holstein, og ved Pandrup var der en som stoppede. Dagen startede med 150\n                      <br>Holstein og sluttede med 200 jersey. Det g\u00f8r det ogs\u00e5 nemmere med opdr\u00e6ttet n\u00e5r det er samme\n                      <br>slags. Alle kalve kommer til Klovborg og p\u00e5 Fossevangen n\u00e5r de er ca. 6&nbsp;m\u00e5neder og fordelt tilbage igen\n                      <br>mellem Lykkeg\u00e5rd og Klovborg omkring en m\u00e5ned f\u00f8r de k\u00e6lver.<\/p>\n                    <p>2006 kom Moseg\u00e5rden ind i billedet og blev en del af vores I\/S, der er 165 ha og p\u00e5 det tidspunkt\n                      <br>160 Holstein k\u00f8er p\u00e5 ejendommen. Moseg\u00e5rden ligger i vildmosen og har n\u00e6sten hele jorden som\n                      <br>spagnum, som er godt til kartofler, vi lejer derfor noget jord ud til det hver \u00e5r. K\u00f8erne blev ogs\u00e5\n                      <br>byttet til jersey og der er nu 265 jersey k\u00f8er i stalden.\n                      <br>2007 var det s\u00e5 Engbrog\u00e5rd, 65 ha og 100 k\u00f8er der tr\u00e6ngte til en ny ejer, vi solgte dem hurtigt og\n                      <br>bruger nu stalden til de sen dr\u00e6gtige kvier, 165 kan der v\u00e6re i kostalden. Alle de andre gamle\n                      <br>bygninger har vi fjernet, de var virkelig sanerings modne. Det var ogs\u00e5 en ejendom som tr\u00e6ngte til\n                      <br>dr\u00e6ning og f\u00e5 ryddet op i plastikken, men ellers en meget harmonisk ejendom som passer fint ind i\n                      <br>vores fremtid.<\/p>\n                    <p>1. juli 2008 kom s\u00e5 Vibholm til, n\u00e6rmeste nabo til Fossevangen som vi mente vi burde have selv\n                      <br>om det var en svine ejendom med 2 bygningss\u00e6t. Grisene blev solgt hurtigst mulig og vi lejede\n                      <br>staldene ud til Jan Ulrich, som bruger dem til slagtesvin.\n                      <br>1042 ha. have vi nu f\u00e5et samlet, og havde dermed f\u00e5et samlet alt det som vi kunne \u00f8nske samtidig\n                      <br>med at der jo var blevet en stor g\u00e6ld her ved indgangen til det finansielle sammenbrud.<\/p>\n                    <p>2008 var ogs\u00e5 \u00e5ret hvor vi fik malke robotter, der havde v\u00e6ret nogle kraftige problemer med\n                      <br>mandskab igennem et par \u00e5r og vi havde f\u00e5et nogle unge folk fra Ukraine til at hj\u00e6lpe med k\u00f8erne. Vi troede ikke p\u00e5 det ville blive fremtiden og valgte derfor teknikken.\n                      <br>7 robotter kom i gang p\u00e5 Klovborg februar 2008 og i maj startede vi 3 op p\u00e5 Lykkeg\u00e5rd. De sidste 4\n                      <br>kom s\u00e5 p\u00e5 Moseg\u00e5rden i starten af 2009. Der kom s\u00e5 2 mere p\u00e5 Klovborg 2011 s\u00e5 der nu var 16\n                      <br>styk tilsammen. Det gav en anden arbejdsdag, men dog stadig en del arbejde fordelt over hele\n                      <br>d\u00f8gnet, hvor der f\u00f8r var nogle faste tidspunkter.<\/p>\n                    <p>2008 var ogs\u00e5 \u00e5ret hvor der kom en ny finanskrise og dermed en anden hverdag for os. Likviditet\n                      <br>havde der v\u00e6ret rigelig af hvilket ogs\u00e5 kan ses ved vores store opk\u00f8b af ejendomme gennem\n                      <br>nogle \u00e5r. Det blev nogle \u00e5r med \u00f8get fokus p\u00e5 indtjening og optimering af det vi havde.<\/p>\n                    <p>2009 var et r\u00e6dsels \u00e5r med et voldsom fald i m\u00e6lkeprisen , vi tilpassede s\u00e5 meget som muligt.\n                      <br>De n\u00e6ste par \u00e5r var vi stadig presset p\u00e5 m\u00e6lkeprisen .<\/p>\n                    <p>2011 blev den mest besv\u00e6rlige h\u00f8st vi kan mindes, det endte med at vi havde ca 50 ha. som\n                      <br>ikke blev h\u00f8stet. Det har vi gjort alt for og \u00e6ndre og 2012 blev en rimelig god kornh\u00f8st, vejret\n                      <br>drillede s\u00e5 ved majsh\u00f8sten ligesom de var noget\n                      <br>trykket p\u00e5 grund af den kolde sommer.<\/p>\n                    <p>Alt kan \u00e6ndre sig og 2013 havde vi en god stigning i m\u00e6lke prisen. Der havde v\u00e6ret den\n                      <br>bedste sommer i flere \u00e5r, hvilket passede vores lave jorder godt, og s\u00e5 blev vi f\u00e6rdige med at h\u00f8ste i\n                      <br>august, det kan jeg ikke huske er sket siden 1976.<\/p>\n                    <p>&nbsp;<\/p>\n                    <p>Efter 2013 hvor vejret og priserne var med os, blev det hverdag igen, vi \u00f8vede stadig tilpasning. Naboerne til Moseg\u00e5rden ville gerne k\u00f8be de 130 ha., som h\u00f8rte til den .De blev solgt 1 april 2015 for 25 mio. og vi fik s\u00e6nket vores\n                      balance, ligeledes besluttede vi at leje vores kornjord ud fra 2015. Det var en ny tanke; hvor vi ikke ligesom tog alle muligheder, men ogs\u00e5 begyndte at vurdere om vi skulle alt.<\/p>\n                    <p>En beslutning vi senere er blevet meget glade for. Vi kan se, at Per J\u00f8rgensen, som har lejet omkring 300 ha.,er dygtigere til det. Vi har stadig nok at lave og k\u00f8ber nu korn direkte fra foderstoffen med sikkerhed p\u00e5 prisen et \u00e5r frem,\n                      eller hvor l\u00e6nge nu kontrakten l\u00f8ber.<\/p>\n                    <p>Robotterne bliver mere omkostnings tunge, og i 2015 blev de udskiftet med en 32 swing \u2013 over malkestald. Det kr\u00e6ver noget mere mandskab, men giver ogs\u00e5 en mere struktureret hverdag. Efter lidt indk\u00f8ring k\u00f8rer det nu godt og vi er tilbage\n                      ved det mere simple, som passer godt til os.<\/p>\n                    <p>2015 er ogs\u00e5 \u00e5ret, hvor m\u00e6lkeprisen tager endnu et dyk. Vi havde m\u00e5ske nok forventet det p\u00e5 grund af, at m\u00e6lkekvoterne stoppede, men ikke at det fortsatte ind i 2016 og f\u00f8rst \u00e6ndrede sig i 3 kvartal. Det kan bedst beskrives som en\n                      \u201dkold tyrker\u201d. Ingen havde forestillet sig, at det var muligt at komme under 2 kr. for en liter m\u00e6lk, men det skete i 5 m\u00e5neder. Vi blev ramt lidt af lykken ved at kunne s\u00e6lge 2 vindm\u00f8lle grunde, og p\u00e5 den m\u00e5de kunne vi holde nogenlunde\n                      balance i \u00f8konomien.<\/p>\n                    <p>18 august 2016 var dagen, hvor vi havde v\u00e6ret p\u00e5 Klovborg i 40 \u00e5r. Det blev fejret med telt i g\u00e5rden, fad\u00f8l, og hvad dertil h\u00f8rte. En fantastisk dag hvor mere end 200 mennesker kiggede forbi, og som toppen af poppen fik vi nogle f\u00e5\n                      dage efter besked om, at m\u00e6lkeprisen ville stige i september.<\/p>\n                    <p>I maj m\u00e5ned 2017 skiftede vi malkerobotterne p\u00e5 Lykkeg\u00e5rd ud men en simpel 2 * 12 malkestald og \u00f8gede ko tallet med ca. 80 k\u00f8er. Endnu engang for at forenkle hverdagen en smule, samtidig med at vores vedligeholds omkostninger kunne\n                      blive lavere. 1 maj 2019 tog vi malkek\u00f8erne fra Moseg\u00e5rden hen p\u00e5 Lykkeg\u00e5rd hvor de alle bliver malket i den lille malkestald, det tager en 5-6 timer men mandskabet bytter undervejs.<\/p>\n                    <p>Der er i 2018 og 19 blevet lavet en ny staldl\u00e6nge langs bygningen hvor malkestalden er p\u00e5 20*75 m ligesom malkestalds bygningen ogs\u00e5 er forl\u00e6nget hvorfor der nu er 2 paralelle bygninger p\u00e5 hver 1500 m2, alt fyldt op med k\u00f8er p\u00e5 dybstr\u00f8else.<\/p>\n                    <p>Vores markdrift best\u00e5r nu kun af majs og gr\u00e6s, hvilket ser ud til at v\u00e6re en god l\u00f8sning. Vores udbytter og kvaliteter er bedre, og det kvitterer k\u00f8erne for med en bedre ydelse. Det er vores nuv\u00e6rende fokus, indtil at nye ideer eller\n                      tanker kommer, for vi er ikke kommet til det sted, hvor vi mener, at alt er perfekt.<\/p>\n                    <p>&nbsp;<\/p>\n                    <p>Skrevet af Lars Pedersen<\/p>\n                    <p>\n                      <br>\n                    <\/p>\n                  <\/div>\n                <\/div>\n              <\/div>\n            <\/div>\n          <\/div>\n        <\/div>\n      <\/div>\n    <\/div>\n  <\/div>\n<\/div>","protected":false},"excerpt":{"rendered":"<p>Her kan du l\u00e6se hvordan vi har drevet Klovborg siden overtagelsen i 1976. &nbsp; Klovborg er beliggende syd for \u00d8. Br\u00f8nderslev i kanten af Vildmosen og derfor med megen lav&nbsp;jord.&nbsp; 18. august 1976 overtog vi Klovborg fra en driftig landmand som gennem 11 \u00e5r havde opbygget&nbsp;ejendommen fra 11 ha. til 45 ha. og \u00f8get kostalden [&hellip;]<\/p>\n","protected":false},"author":1,"featured_media":0,"parent":0,"menu_order":0,"comment_status":"closed","ping_status":"closed","template":"page-templates\/full-width-page.php","meta":{"footnotes":""},"_links":{"self":[{"href":"https:\/\/klovborg.mit-hosting01.dk\/index.php\/wp-json\/wp\/v2\/pages\/130"}],"collection":[{"href":"https:\/\/klovborg.mit-hosting01.dk\/index.php\/wp-json\/wp\/v2\/pages"}],"about":[{"href":"https:\/\/klovborg.mit-hosting01.dk\/index.php\/wp-json\/wp\/v2\/types\/page"}],"author":[{"embeddable":true,"href":"https:\/\/klovborg.mit-hosting01.dk\/index.php\/wp-json\/wp\/v2\/users\/1"}],"replies":[{"embeddable":true,"href":"https:\/\/klovborg.mit-hosting01.dk\/index.php\/wp-json\/wp\/v2\/comments?post=130"}],"version-history":[{"count":3,"href":"https:\/\/klovborg.mit-hosting01.dk\/index.php\/wp-json\/wp\/v2\/pages\/130\/revisions"}],"predecessor-version":[{"id":529,"href":"https:\/\/klovborg.mit-hosting01.dk\/index.php\/wp-json\/wp\/v2\/pages\/130\/revisions\/529"}],"wp:attachment":[{"href":"https:\/\/klovborg.mit-hosting01.dk\/index.php\/wp-json\/wp\/v2\/media?parent=130"}],"curies":[{"name":"wp","href":"https:\/\/api.w.org\/{rel}","templated":true}]}}